{"id":9288,"date":"2022-02-23T10:40:15","date_gmt":"2022-02-23T10:40:15","guid":{"rendered":"https:\/\/ineosyte.com\/?page_id=9288"},"modified":"2022-03-01T10:18:43","modified_gmt":"2022-03-01T10:18:43","slug":"raport-dzienny-z-budowy-pomoc","status":"publish","type":"page","link":"https:\/\/ineosyte.com\/?page_id=9288&lang=pl","title":{"rendered":"iOS FAQ \u2013 Pomoc \u2013 Jak sporz\u0105dzi\u0107 raport dzienny z budowy \u2013 Elektroniczny Dziennik Budowy"},"content":{"rendered":"<p>[vc_section el_id=&#8221;worker&#8221; el_class=&#8221;faqSec&#8221;][vc_row el_class=&#8221;faqToggle&#8221;][vc_column][vc_toggle title=&#8221;Jak pobra\u0107 Elektroniczny Dziennik Budowy \u2013 iNeoSyte&#8221; style=&#8221;rounded&#8221; custom_font_container=&#8221;tag:h2|font_size:20|text_align:left|color:%23007afd&#8221; custom_use_theme_fonts=&#8221;yes&#8221; use_custom_heading=&#8221;true&#8221;]Aby pobra\u0107 elektroniczny dziennik budowy nale\u017cy skorzysta\u0107 z sklepu App Store na Twoim iPhonie lub iPadzie. W polu wyszukiwania wpisz \u201eiNeoSyte\u201d. Po wy\u015bwietleniu si\u0119 wynik\u00f3w wyszukiwania kliknij w przycisk Pobierz.<\/p>\n<p>Mo\u017cesz tak\u017ce klikna\u0107 w poni\u017cszy link, kt\u00f3ry zabierze ci\u0119 bezpo\u015brednio do strony Elektronicznego Dziennika Budowy w App Store.[\/vc_toggle][vc_toggle title=&#8221;Jak zarejestrowa\u0107 si\u0119 w Elektronicznym Dzienniku Budowy \u2013 iNeoSyte&#8221; style=&#8221;rounded&#8221; custom_font_container=&#8221;tag:h2|font_size:20|text_align:left|color:%23007afd&#8221; custom_use_theme_fonts=&#8221;yes&#8221; use_custom_heading=&#8221;true&#8221;]Zainstaluj aplikacj\u0119 wyszukuj\u0105c j\u0105 w App Store lub klikaj\u0105 bezpo\u015brednio link powy\u017cej. Znajd\u017a aplikacj\u0119 na ekranie swojego iPhone\u2019a lub iPada i kliknij w ni\u0105. Na ekranie powitalnym wybierz przycisk \u201eRejestracja\u201d. Aplikacja przejdzie do nowego widoku. Tutaj prosimy ci\u0119 o podanie Twoich danych osobowych, kt\u00f3re u\u0142atwi\u0105 ci sporz\u0105dzanie raport\u00f3w.<\/p>\n<p>Jakie dane potrzebujemy?<\/p>\n<ul>\n<li><i class=\"fa fa-check\"><\/i> Imi\u0119 i nazwisko<\/li>\n<li><i class=\"fa fa-check\"><\/i> Stanowisko<\/li>\n<li><i class=\"fa fa-check\"><\/i> Nazwa firmy<\/li>\n<li><i class=\"fa fa-check\"><\/i> Numer telefonu<\/li>\n<li><i class=\"fa fa-check\"><\/i> S\u0142u\u017cbowy adres email \u2013 jedyne obowi\u0105zkowe pole<\/li>\n<\/ul>\n<p>Dlaczego potrzebujemy te dane? Imi\u0119 i nazwisko wpisane podczas rejestracji w Elektronicznym Dzienniku Budowy b\u0119dzie wy\u015bwietlane w dokumencie PDF z raportu, kt\u00f3ry sporz\u0105dzisz, na stronie tytu\u0142owej w polu \u201eautor raportu\u201d.<\/p>\n<p>Stanowisko \u2013 prosimy o podanie tej informacji, gdy\u017c u\u0142atwi to nam komunikacj\u0119. R\u00f3\u017cne osoby, na r\u00f3\u017cnych stanowiskach doceniaj\u0105 inne zalety naszego oprogramowania budowlanego. Co wi\u0119cej, brygadzista mo\u017ce korzysta\u0107 z aplikacji w nieco inny spos\u00f3b ni\u017c architekt, czy dyrektor firmy.<\/p>\n<p>Nazwa firmy \u2013 ta nazwa r\u00f3wnie\u017c b\u0119dzie si\u0119 wy\u015bwietla\u0107 na stronie tytu\u0142owej raportu. Osoby, do kt\u00f3rych wy\u015blesz raport b\u0119d\u0105 od razu widzie\u0107, kto jest autorem, oraz dla jakiej firmy pracuje.<\/p>\n<p>Numer telefonu \u2013 b\u0119dzie nam przydatny w celu pomocy w obs\u0142udze aplikacji lub w celu skontaktowania si\u0119 z tob\u0105 aby sprawdzi\u0107 jak elektroniczny dziennik budowy pomaga ci w sporz\u0105dzeniu raport\u00f3w. Je\u015bli nie chcesz podawa\u0107 swojego numeru telefonu, to nie musisz go wpisywa\u0107.<\/p>\n<p>S\u0142u\u017cbowy adres email \u2013 to jedyne obowi\u0105zkowe pole w naszym formularzu. Jest nam potrzebny w celu weryfikacji twojego konta w aplikacji. Wy\u015blemy do ciebie wiadomo\u015b\u0107 z pro\u015bb\u0105 o potwierdzenie konta. Podczas rejestracji sprawd\u017a czy dobrze poda\u0142e\u015b sw\u00f3j adres mailowy. Je\u015bli po rejestracji nie otrzyma\u0142e\u015b maila z pro\u015bb\u0105 o potwierdzenie za\u0142o\u017cenia konta, to sprawd\u017a sw\u00f3j folder SPAM. By\u0107 mo\u017ce nasza wiadomo\u015b\u0107 si\u0119 gdzie\u015b zapodzia\u0142a. Je\u015bli tam te\u017c jej nie ma, nadal mo\u017cesz korzysta\u0107 z aplikacji przez 14 dni. Je\u015bli nie potwierdzisz konta w tym terminie, to Tw\u00f3j dost\u0119p zostanie zablokowany. Je\u017celi chcesz zosta\u0107 naszym subskrybentem i op\u0142aca\u0107 miesi\u0119czny abonament a nie potwierdzi\u0142e\u015b za\u0142o\u017cenia konta, to prosz\u0119 skontaktuj si\u0119 z nami przez formularz na naszej stronie, lub przez link Pomocy w ustawieniach Elektronicznego Dziennika Budowy.[\/vc_toggle][vc_toggle title=&#8221;Jak doda\u0107 pierwszy projekt lub budow\u0119 do Elektronicznego Dziennika Budowy?&#8221; style=&#8221;rounded&#8221; custom_font_container=&#8221;tag:h2|font_size:20|text_align:left|color:%23007afd&#8221; custom_use_theme_fonts=&#8221;yes&#8221; use_custom_heading=&#8221;true&#8221;]Kliknij w przycisk + w prawym dolnym rogu aby przej\u015b\u0107 do ekranu Dodawania nowego projektu.<\/p>\n<p>Tutaj mo\u017cesz poda\u0107 nieco informacji o projekcie, na kt\u00f3rym chcesz sporz\u0105dza\u0107 raporty dzienne za pomoc\u0105 elektronicznego dziennika budowy. Jedynym obowi\u0105zkowym pole jest nazwa projektu. Pozosta\u0142e pola s\u0105 opcjonalne. Jednak wype\u0142nienie ich b\u0119dzie pomocne dla ciebie i dla aplikacji.<\/p>\n<p>Pola formularza nowego projektu to:<\/p>\n<ul>\n<li><i class=\"fa fa-check\"><\/i> Logo projektu<\/li>\n<li><i class=\"fa fa-check\"><\/i> Nazwa projektu*<\/li>\n<li><i class=\"fa fa-check\"><\/i> Nazwa klienta<\/li>\n<li><i class=\"fa fa-check\"><\/i> Numer referencyjny projektu<\/li>\n<li><i class=\"fa fa-check\"><\/i> Numer referencyjny klienta<\/li>\n<li><i class=\"fa fa-check\"><\/i> Adres<\/li>\n<\/ul>\n<p>Logo projektu \u2013 mo\u017ce to by\u0107 logo twojej firmy, wizualizacja projektu lub plan sytuacyjny budowy. Mo\u017cesz wykorzysta\u0107 zdj\u0119cie zrobione aparatem telefonu lub u\u017cy\u0107 fotografi\u0119 zapisan\u0105 wcze\u015bniej w telefonie.<\/p>\n<p>Nazwa projektu \u2013 to nazwa budowy, na kt\u00f3rej pracujesz i jest to jedyne obowi\u0105zkowe pole do wype\u0142nienia. W aplikacji Elektroniczny Dziennik Budowy nie mo\u017cesz mie\u0107 dw\u00f3ch projekt\u00f3w o tej samej nazwie. Nie stosuj niedozwolonych znak\u00f3w w nazwie projektu, czyli * . \u201d \/ \\ [ ] : ; | ,<\/p>\n<p>Nazwa klienta \u2013 to mo\u017ce by\u0107 firma, kt\u00f3ra zatrudnia twoj\u0105 firm\u0119 do pracy lub nazwa inwestora budowy na kt\u00f3rej pracujesz.<\/p>\n<p>Numer referencyjny projektu \u2013 cz\u0119sto firmy stosuj\u0105 te numery aby m\u00f3c katalogowa\u0107 dokumentacj\u0119 i odr\u00f3\u017cni\u0107 projekty w tej samej lokalizacji. Nie jest to pole obowi\u0105zkowe.<\/p>\n<p>Numery referencyjny klienta \u2013 to numer projektu, kt\u00f3rego u\u017cywa tw\u00f3j klient. Nie jest to pole obowi\u0105zkowe<\/p>\n<p>Adres \u2013 mo\u017cesz wybra\u0107 lokalizacj\u0119 budowy na mapie lub wpisa\u0107 j\u0105 r\u0119cznie. Ta informacja wykorzystywana jest przez serwis pogodowy do automatycznego pobierania danych o aktualnych warunkach atmosferycznych. Nie jest to pole obowi\u0105zkowe ale bez niego nie zobaczysz automatycznych informacji o temperaturze czy pr\u0119dko\u015bci wiatru w swoich raportach. Bez podanego adresu budowy musisz wpisywa\u0107 dane pogodowe r\u0119cznie.[\/vc_toggle][\/vc_column][\/vc_row][\/vc_section]<\/p>\n","protected":false},"excerpt":{"rendered":"<p>[vc_section el_id=&#8221;worker&#8221; el_class=&#8221;faqSec&#8221;][vc_row el_class=&#8221;faqToggle&#8221;][vc_column][vc_toggle title=&#8221;Jak pobra\u0107 Elektroniczny Dziennik Budowy \u2013 iNeoSyte&#8221; style=&#8221;rounded&#8221; custom_font_container=&#8221;tag:h2|font_size:20|text_align:left|color:%23007afd&#8221; custom_use_theme_fonts=&#8221;yes&#8221; use_custom_heading=&#8221;true&#8221;]Aby pobra\u0107 elektroniczny dziennik budowy nale\u017cy skorzysta\u0107 z sklepu App Store na Twoim iPhonie lub iPadzie. W polu wyszukiwania wpisz \u201eiNeoSyte\u201d. Po wy\u015bwietleniu si\u0119 wynik\u00f3w wyszukiwania kliknij w przycisk Pobierz. Mo\u017cesz tak\u017ce klikna\u0107 w poni\u017cszy link, kt\u00f3ry zabierze ci\u0119 bezpo\u015brednio do [&hellip;]<\/p>\n","protected":false},"author":1,"featured_media":9294,"parent":0,"menu_order":0,"comment_status":"closed","ping_status":"closed","template":"","meta":{"inline_featured_image":false,"footnotes":""},"class_list":["post-9288","page","type-page","status-publish","has-post-thumbnail","hentry"],"yoast_head":"<!-- This site is optimized with the Yoast SEO plugin v27.5 - https:\/\/yoast.com\/product\/yoast-seo-wordpress\/ -->\n<title>iOS FAQ \u2013 Pomoc \u2013 Jak sporz\u0105dzi\u0107 raport dzienny z budowy \u2013 Elektroniczny Dziennik Budowy - iNeoSyte<\/title>\n<meta name=\"description\" content=\"Dowiedz si\u0119 krok po kroku jak przy pomocy aplikacji iNeoSyte sporz\u0105dza\u0107 raport dzienny z budowy.\" \/>\n<meta name=\"robots\" content=\"index, follow, max-snippet:-1, max-image-preview:large, max-video-preview:-1\" \/>\n<link rel=\"canonical\" href=\"https:\/\/ineosyte.com\/?page_id=9288&lang=pl\" \/>\n<meta property=\"og:locale\" content=\"en_US\" \/>\n<meta property=\"og:type\" content=\"article\" \/>\n<meta property=\"og:title\" content=\"iOS FAQ \u2013 Pomoc \u2013 Jak sporz\u0105dzi\u0107 raport dzienny z budowy \u2013 Elektroniczny Dziennik Budowy - iNeoSyte\" \/>\n<meta property=\"og:description\" content=\"Dowiedz si\u0119 krok po kroku jak przy pomocy aplikacji iNeoSyte sporz\u0105dza\u0107 raport dzienny z budowy.\" \/>\n<meta property=\"og:url\" content=\"https:\/\/ineosyte.com\/?page_id=9288&amp;lang=pl\" \/>\n<meta property=\"og:site_name\" content=\"iNeoSyte\" \/>\n<meta property=\"article:modified_time\" content=\"2022-03-01T10:18:43+00:00\" \/>\n<meta property=\"og:image\" content=\"https:\/\/ineosyte.com\/wp-content\/uploads\/2022\/02\/slideshow-1.jpg\" \/>\n\t<meta property=\"og:image:width\" content=\"1920\" \/>\n\t<meta property=\"og:image:height\" content=\"1080\" \/>\n\t<meta property=\"og:image:type\" content=\"image\/jpeg\" \/>\n<meta name=\"twitter:card\" content=\"summary_large_image\" \/>\n<meta name=\"twitter:label1\" content=\"Est. reading time\" \/>\n\t<meta name=\"twitter:data1\" content=\"3 minutes\" \/>\n<script type=\"application\/ld+json\" class=\"yoast-schema-graph\">{\"@context\":\"https:\\\/\\\/schema.org\",\"@graph\":[{\"@type\":\"WebPage\",\"@id\":\"https:\\\/\\\/ineosyte.com\\\/?page_id=9288&lang=pl\",\"url\":\"https:\\\/\\\/ineosyte.com\\\/?page_id=9288&lang=pl\",\"name\":\"iOS FAQ \u2013 Pomoc \u2013 Jak sporz\u0105dzi\u0107 raport dzienny z budowy \u2013 Elektroniczny Dziennik Budowy - iNeoSyte\",\"isPartOf\":{\"@id\":\"https:\\\/\\\/ineosyte.com\\\/#website\"},\"primaryImageOfPage\":{\"@id\":\"https:\\\/\\\/ineosyte.com\\\/?page_id=9288&lang=pl#primaryimage\"},\"image\":{\"@id\":\"https:\\\/\\\/ineosyte.com\\\/?page_id=9288&lang=pl#primaryimage\"},\"thumbnailUrl\":\"https:\\\/\\\/ineosyte.com\\\/wp-content\\\/uploads\\\/2022\\\/02\\\/slideshow-1.jpg\",\"datePublished\":\"2022-02-23T10:40:15+00:00\",\"dateModified\":\"2022-03-01T10:18:43+00:00\",\"description\":\"Dowiedz si\u0119 krok po kroku jak przy pomocy aplikacji iNeoSyte sporz\u0105dza\u0107 raport dzienny z budowy.\",\"breadcrumb\":{\"@id\":\"https:\\\/\\\/ineosyte.com\\\/?page_id=9288&lang=pl#breadcrumb\"},\"inLanguage\":\"en-US\",\"potentialAction\":[{\"@type\":\"ReadAction\",\"target\":[\"https:\\\/\\\/ineosyte.com\\\/?page_id=9288&lang=pl\"]}]},{\"@type\":\"ImageObject\",\"inLanguage\":\"en-US\",\"@id\":\"https:\\\/\\\/ineosyte.com\\\/?page_id=9288&lang=pl#primaryimage\",\"url\":\"https:\\\/\\\/ineosyte.com\\\/wp-content\\\/uploads\\\/2022\\\/02\\\/slideshow-1.jpg\",\"contentUrl\":\"https:\\\/\\\/ineosyte.com\\\/wp-content\\\/uploads\\\/2022\\\/02\\\/slideshow-1.jpg\",\"width\":1920,\"height\":1080},{\"@type\":\"BreadcrumbList\",\"@id\":\"https:\\\/\\\/ineosyte.com\\\/?page_id=9288&lang=pl#breadcrumb\",\"itemListElement\":[{\"@type\":\"ListItem\",\"position\":1,\"name\":\"Home\",\"item\":\"https:\\\/\\\/ineosyte.com\\\/\"},{\"@type\":\"ListItem\",\"position\":2,\"name\":\"iOS FAQ \u2013 Pomoc \u2013 Jak sporz\u0105dzi\u0107 raport dzienny z budowy \u2013 Elektroniczny Dziennik Budowy\"}]},{\"@type\":\"WebSite\",\"@id\":\"https:\\\/\\\/ineosyte.com\\\/#website\",\"url\":\"https:\\\/\\\/ineosyte.com\\\/\",\"name\":\"iNeoSyte\",\"description\":\"\",\"potentialAction\":[{\"@type\":\"SearchAction\",\"target\":{\"@type\":\"EntryPoint\",\"urlTemplate\":\"https:\\\/\\\/ineosyte.com\\\/?s={search_term_string}\"},\"query-input\":{\"@type\":\"PropertyValueSpecification\",\"valueRequired\":true,\"valueName\":\"search_term_string\"}}],\"inLanguage\":\"en-US\"}]}<\/script>\n<!-- \/ Yoast SEO plugin. -->","yoast_head_json":{"title":"iOS FAQ \u2013 Pomoc \u2013 Jak sporz\u0105dzi\u0107 raport dzienny z budowy \u2013 Elektroniczny Dziennik Budowy - iNeoSyte","description":"Dowiedz si\u0119 krok po kroku jak przy pomocy aplikacji iNeoSyte sporz\u0105dza\u0107 raport dzienny z budowy.","robots":{"index":"index","follow":"follow","max-snippet":"max-snippet:-1","max-image-preview":"max-image-preview:large","max-video-preview":"max-video-preview:-1"},"canonical":"https:\/\/ineosyte.com\/?page_id=9288&lang=pl","og_locale":"en_US","og_type":"article","og_title":"iOS FAQ \u2013 Pomoc \u2013 Jak sporz\u0105dzi\u0107 raport dzienny z budowy \u2013 Elektroniczny Dziennik Budowy - iNeoSyte","og_description":"Dowiedz si\u0119 krok po kroku jak przy pomocy aplikacji iNeoSyte sporz\u0105dza\u0107 raport dzienny z budowy.","og_url":"https:\/\/ineosyte.com\/?page_id=9288&lang=pl","og_site_name":"iNeoSyte","article_modified_time":"2022-03-01T10:18:43+00:00","og_image":[{"width":1920,"height":1080,"url":"https:\/\/ineosyte.com\/wp-content\/uploads\/2022\/02\/slideshow-1.jpg","type":"image\/jpeg"}],"twitter_card":"summary_large_image","twitter_misc":{"Est. reading time":"3 minutes"},"schema":{"@context":"https:\/\/schema.org","@graph":[{"@type":"WebPage","@id":"https:\/\/ineosyte.com\/?page_id=9288&lang=pl","url":"https:\/\/ineosyte.com\/?page_id=9288&lang=pl","name":"iOS FAQ \u2013 Pomoc \u2013 Jak sporz\u0105dzi\u0107 raport dzienny z budowy \u2013 Elektroniczny Dziennik Budowy - iNeoSyte","isPartOf":{"@id":"https:\/\/ineosyte.com\/#website"},"primaryImageOfPage":{"@id":"https:\/\/ineosyte.com\/?page_id=9288&lang=pl#primaryimage"},"image":{"@id":"https:\/\/ineosyte.com\/?page_id=9288&lang=pl#primaryimage"},"thumbnailUrl":"https:\/\/ineosyte.com\/wp-content\/uploads\/2022\/02\/slideshow-1.jpg","datePublished":"2022-02-23T10:40:15+00:00","dateModified":"2022-03-01T10:18:43+00:00","description":"Dowiedz si\u0119 krok po kroku jak przy pomocy aplikacji iNeoSyte sporz\u0105dza\u0107 raport dzienny z budowy.","breadcrumb":{"@id":"https:\/\/ineosyte.com\/?page_id=9288&lang=pl#breadcrumb"},"inLanguage":"en-US","potentialAction":[{"@type":"ReadAction","target":["https:\/\/ineosyte.com\/?page_id=9288&lang=pl"]}]},{"@type":"ImageObject","inLanguage":"en-US","@id":"https:\/\/ineosyte.com\/?page_id=9288&lang=pl#primaryimage","url":"https:\/\/ineosyte.com\/wp-content\/uploads\/2022\/02\/slideshow-1.jpg","contentUrl":"https:\/\/ineosyte.com\/wp-content\/uploads\/2022\/02\/slideshow-1.jpg","width":1920,"height":1080},{"@type":"BreadcrumbList","@id":"https:\/\/ineosyte.com\/?page_id=9288&lang=pl#breadcrumb","itemListElement":[{"@type":"ListItem","position":1,"name":"Home","item":"https:\/\/ineosyte.com\/"},{"@type":"ListItem","position":2,"name":"iOS FAQ \u2013 Pomoc \u2013 Jak sporz\u0105dzi\u0107 raport dzienny z budowy \u2013 Elektroniczny Dziennik Budowy"}]},{"@type":"WebSite","@id":"https:\/\/ineosyte.com\/#website","url":"https:\/\/ineosyte.com\/","name":"iNeoSyte","description":"","potentialAction":[{"@type":"SearchAction","target":{"@type":"EntryPoint","urlTemplate":"https:\/\/ineosyte.com\/?s={search_term_string}"},"query-input":{"@type":"PropertyValueSpecification","valueRequired":true,"valueName":"search_term_string"}}],"inLanguage":"en-US"}]}},"_links":{"self":[{"href":"https:\/\/ineosyte.com\/index.php?rest_route=\/wp\/v2\/pages\/9288","targetHints":{"allow":["GET"]}}],"collection":[{"href":"https:\/\/ineosyte.com\/index.php?rest_route=\/wp\/v2\/pages"}],"about":[{"href":"https:\/\/ineosyte.com\/index.php?rest_route=\/wp\/v2\/types\/page"}],"author":[{"embeddable":true,"href":"https:\/\/ineosyte.com\/index.php?rest_route=\/wp\/v2\/users\/1"}],"replies":[{"embeddable":true,"href":"https:\/\/ineosyte.com\/index.php?rest_route=%2Fwp%2Fv2%2Fcomments&post=9288"}],"version-history":[{"count":5,"href":"https:\/\/ineosyte.com\/index.php?rest_route=\/wp\/v2\/pages\/9288\/revisions"}],"predecessor-version":[{"id":9291,"href":"https:\/\/ineosyte.com\/index.php?rest_route=\/wp\/v2\/pages\/9288\/revisions\/9291"}],"wp:featuredmedia":[{"embeddable":true,"href":"https:\/\/ineosyte.com\/index.php?rest_route=\/wp\/v2\/media\/9294"}],"wp:attachment":[{"href":"https:\/\/ineosyte.com\/index.php?rest_route=%2Fwp%2Fv2%2Fmedia&parent=9288"}],"curies":[{"name":"wp","href":"https:\/\/api.w.org\/{rel}","templated":true}]}}